{"id":1410,"date":"2023-06-05T23:22:17","date_gmt":"2023-06-05T21:22:17","guid":{"rendered":"https:\/\/labovilleurbanne.fr\/blog\/?page_id=1410"},"modified":"2024-07-01T23:26:44","modified_gmt":"2024-07-01T21:26:44","slug":"1410-2","status":"publish","type":"page","link":"https:\/\/labovilleurbanne.fr\/blog\/","title":{"rendered":""},"content":{"rendered":"\n<div class=\"wp-block-cover aligncenter is-light has-parallax\" style=\"min-height:200px\"><span aria-hidden=\"true\" class=\"wp-block-cover__background has-white-background-color has-background-dim-70 has-background-dim\"><\/span><div role=\"img\" class=\"wp-block-cover__image-background wp-image-1452 has-parallax\" style=\"background-position:50% 50%;background-image:url(https:\/\/labovilleurbanne.fr\/blog\/wp-content\/uploads\/2023\/06\/LOV_COM_LogoV3_Gravure3-scaled.jpg)\"><\/div><div class=\"wp-block-cover__inner-container\">\n<div style=\"height:1px\" aria-hidden=\"true\" class=\"wp-block-spacer\"><\/div>\n\n\n\n<h2 class=\"has-text-align-left has-x-large-font-size\">Bienvenue au LOV&nbsp;!<\/h2>\n\n\n\n<div style=\"height:1px\" aria-hidden=\"true\" class=\"wp-block-spacer\"><\/div>\n\n\n\n<div class=\"is-layout-flex wp-container-3 wp-block-columns\">\n<div class=\"is-layout-flow wp-block-column\" style=\"flex-basis:100%\">\n<div class=\"wp-block-media-text alignwide has-media-on-the-right is-stacked-on-mobile has-text-align-left has-medium-font-size\" style=\"grid-template-columns:auto 16%\"><div class=\"wp-block-media-text__content\">\n<p>Une association cr\u00e9\u00e9e autour du partage de connaissances et de savoir faire ouvert \u00e0 tous&nbsp;! Pour la fabrication, l\u2019\u00e9lectronique, la menuiserie, la couture et toutes les nouvelles technologies.  <\/p>\n<\/div><figure class=\"wp-block-media-text__media\"><img decoding=\"async\" src=\"https:\/\/labovilleurbanne.fr\/dev_site\/statut.png\" alt=\"\"\/><\/figure><\/div>\n<\/div>\n<\/div>\n\n\n\n<div style=\"height:50px\" aria-hidden=\"true\" class=\"wp-block-spacer\"><\/div>\n<\/div><\/div>\n\n\n\n<div style=\"height:3em\" aria-hidden=\"true\" class=\"wp-block-spacer\"><\/div>\n\n\n\n<div class=\"is-layout-flex wp-container-17 wp-block-columns mep\">\n<div class=\"is-layout-flow wp-block-column\">\n<div class=\"is-layout-flow wp-block-group alignfull has-background\" style=\"background-color:#eaeaf1\"><div class=\"wp-block-group__inner-container\">\n<div style=\"height:50px\" aria-hidden=\"true\" class=\"wp-block-spacer\"><\/div>\n\n\n\n<div class=\"is-layout-flex wp-container-8 wp-block-columns alignwide\">\n<div class=\"is-layout-flow wp-block-column\" style=\"flex-basis:100%\">\n<div class=\"is-layout-flex wp-block-buttons\">\n<div class=\"wp-block-button has-custom-font-size is-style-fill\" style=\"font-size:15px\"><a class=\"wp-block-button__link has-background wp-element-button\" href=\"https:\/\/labovilleurbanne.fr\/blog\/qui\" style=\"background-color:#0c6f88\" target=\"_blank\" rel=\"noreferrer noopener\">Qui sommes nous&nbsp;?<\/a><\/div>\n<\/div>\n\n\n\n<div style=\"height:20px\" aria-hidden=\"true\" class=\"wp-block-spacer\"><\/div>\n\n\n\n<figure class=\"wp-block-image size-full\"><a href=\"https:\/\/labovilleurbanne.fr\/blog\/qui\" target=\"_blank\" rel=\"noreferrer noopener\"><img decoding=\"async\" loading=\"lazy\" width=\"1920\" height=\"904\" src=\"https:\/\/labovilleurbanne.fr\/blog\/wp-content\/uploads\/2023\/02\/Banderolle_MOD.png\" alt=\"\" class=\"wp-image-1059\" srcset=\"https:\/\/labovilleurbanne.fr\/blog\/wp-content\/uploads\/2023\/02\/Banderolle_MOD.png 1920w, https:\/\/labovilleurbanne.fr\/blog\/wp-content\/uploads\/2023\/02\/Banderolle_MOD-700x330.png 700w, https:\/\/labovilleurbanne.fr\/blog\/wp-content\/uploads\/2023\/02\/Banderolle_MOD-1024x482.png 1024w, https:\/\/labovilleurbanne.fr\/blog\/wp-content\/uploads\/2023\/02\/Banderolle_MOD-768x362.png 768w, https:\/\/labovilleurbanne.fr\/blog\/wp-content\/uploads\/2023\/02\/Banderolle_MOD-1536x723.png 1536w, https:\/\/labovilleurbanne.fr\/blog\/wp-content\/uploads\/2023\/02\/Banderolle_MOD-1200x565.png 1200w\" sizes=\"(max-width: 709px) 85vw, (max-width: 909px) 67vw, (max-width: 1362px) 62vw, 840px\" \/><\/a><\/figure>\n\n\n\n<div style=\"height:50px\" aria-hidden=\"true\" class=\"wp-block-spacer\"><\/div>\n\n\n\n<div class=\"is-layout-flex wp-block-buttons\">\n<div class=\"wp-block-button has-custom-font-size\" style=\"font-size:15px\"><a class=\"wp-block-button__link has-background wp-element-button\" href=\"https:\/\/labovilleurbanne.fr\/blog\/outils\" style=\"background-color:#0c6f88\" target=\"_blank\" rel=\"noreferrer noopener\">Les outils du LOV<\/a><\/div>\n<\/div>\n\n\n\n<div style=\"height:20px\" aria-hidden=\"true\" class=\"wp-block-spacer\"><\/div>\n\n\n\n<figure class=\"wp-block-image size-full\"><a href=\"https:\/\/labovilleurbanne.fr\/blog\/outils\/\"><img decoding=\"async\" loading=\"lazy\" width=\"2000\" height=\"943\" src=\"https:\/\/labovilleurbanne.fr\/blog\/wp-content\/uploads\/2023\/05\/Banderolle02_MOD.jpg\" alt=\"\" class=\"wp-image-1362\" srcset=\"https:\/\/labovilleurbanne.fr\/blog\/wp-content\/uploads\/2023\/05\/Banderolle02_MOD.jpg 2000w, https:\/\/labovilleurbanne.fr\/blog\/wp-content\/uploads\/2023\/05\/Banderolle02_MOD-700x330.jpg 700w, https:\/\/labovilleurbanne.fr\/blog\/wp-content\/uploads\/2023\/05\/Banderolle02_MOD-1024x483.jpg 1024w, https:\/\/labovilleurbanne.fr\/blog\/wp-content\/uploads\/2023\/05\/Banderolle02_MOD-768x362.jpg 768w, https:\/\/labovilleurbanne.fr\/blog\/wp-content\/uploads\/2023\/05\/Banderolle02_MOD-1536x724.jpg 1536w, https:\/\/labovilleurbanne.fr\/blog\/wp-content\/uploads\/2023\/05\/Banderolle02_MOD-1200x566.jpg 1200w\" sizes=\"(max-width: 709px) 85vw, (max-width: 909px) 67vw, (max-width: 1362px) 62vw, 840px\" \/><\/a><\/figure>\n\n\n\n<div style=\"height:50px\" aria-hidden=\"true\" class=\"wp-block-spacer\"><\/div>\n\n\n\n<div class=\"is-layout-flex wp-block-buttons\">\n<div class=\"wp-block-button has-custom-font-size\" style=\"font-size:15px\"><a class=\"wp-block-button__link has-background wp-element-button\" href=\"https:\/\/labovilleurbanne.fr\/blog\/informations-pratiques\/\" style=\"background-color:#0c6f88\" target=\"_blank\" rel=\"noreferrer noopener\">Infos pratiques<\/a><\/div>\n<\/div>\n\n\n\n<div style=\"height:20px\" aria-hidden=\"true\" class=\"wp-block-spacer\"><\/div>\n\n\n\n<figure class=\"wp-block-image size-full\"><a href=\"https:\/\/labovilleurbanne.fr\/blog\/informations-pratiques\/\"><img decoding=\"async\" loading=\"lazy\" width=\"2000\" height=\"943\" src=\"https:\/\/labovilleurbanne.fr\/blog\/wp-content\/uploads\/2023\/02\/Banderolle03_MOD2.jpg\" alt=\"\" class=\"wp-image-936\" srcset=\"https:\/\/labovilleurbanne.fr\/blog\/wp-content\/uploads\/2023\/02\/Banderolle03_MOD2.jpg 2000w, https:\/\/labovilleurbanne.fr\/blog\/wp-content\/uploads\/2023\/02\/Banderolle03_MOD2-700x330.jpg 700w, https:\/\/labovilleurbanne.fr\/blog\/wp-content\/uploads\/2023\/02\/Banderolle03_MOD2-1024x483.jpg 1024w, https:\/\/labovilleurbanne.fr\/blog\/wp-content\/uploads\/2023\/02\/Banderolle03_MOD2-768x362.jpg 768w, https:\/\/labovilleurbanne.fr\/blog\/wp-content\/uploads\/2023\/02\/Banderolle03_MOD2-1536x724.jpg 1536w, https:\/\/labovilleurbanne.fr\/blog\/wp-content\/uploads\/2023\/02\/Banderolle03_MOD2-1200x566.jpg 1200w\" sizes=\"(max-width: 709px) 85vw, (max-width: 909px) 67vw, (max-width: 1362px) 62vw, 840px\" \/><\/a><\/figure>\n<\/div>\n<\/div>\n<\/div><\/div>\n<\/div>\n\n\n\n<div class=\"is-layout-flow wp-block-column\">\n<div class=\"is-layout-flow wp-block-group alignfull has-background\" style=\"background-color:#f0ece6\"><div class=\"wp-block-group__inner-container\">\n<div style=\"height:50px\" aria-hidden=\"true\" class=\"wp-block-spacer\"><\/div>\n\n\n\n<div class=\"is-layout-flex wp-block-buttons\">\n<div class=\"wp-block-button has-custom-font-size\" style=\"font-size:15px\"><a class=\"wp-block-button__link has-background wp-element-button\" href=\"https:\/\/labovilleurbanne.fr\/blog\/blog\/\" style=\"background-color:#0c6f88\" target=\"_blank\" rel=\"noreferrer noopener\">Blog<\/a><\/div>\n<\/div>\n\n\n\n<div style=\"height:20px\" aria-hidden=\"true\" class=\"wp-block-spacer\"><\/div>\n\n\n\n<div class=\"is-layout-flex wp-container-14 wp-block-columns\">\n<div class=\"is-layout-flow wp-block-column\" style=\"flex-basis:33.33%\">\n<p>Les derni\u00e8res actualit\u00e9s du LOV.<\/p>\n<\/div>\n\n\n\n<div class=\"is-layout-flow wp-block-column\" style=\"flex-basis:66.66%\"><ul class=\"wp-block-latest-posts__list has-dates wp-block-latest-posts has-small-font-size\"><li><div class=\"wp-block-latest-posts__featured-image\"><a href=\"https:\/\/labovilleurbanne.fr\/blog\/2026\/02\/24\/analyse-switch-ubiquiti-us-8-150w-et-us-24-250w-2026-feb\/\" aria-label=\"Analyse switch ubiquiti us-8-150w et US-24-250W &#8211; 2026 &#8211; FEB\"><img width=\"840\" height=\"840\" src=\"https:\/\/labovilleurbanne.fr\/blog\/wp-content\/uploads\/2026\/02\/unifi-1024x1024.png\" class=\"attachment-large size-large wp-post-image\" alt=\"\" decoding=\"async\" loading=\"lazy\" style=\"\" srcset=\"https:\/\/labovilleurbanne.fr\/blog\/wp-content\/uploads\/2026\/02\/unifi.png 1024w, https:\/\/labovilleurbanne.fr\/blog\/wp-content\/uploads\/2026\/02\/unifi-700x700.png 700w, https:\/\/labovilleurbanne.fr\/blog\/wp-content\/uploads\/2026\/02\/unifi-400x400.png 400w, https:\/\/labovilleurbanne.fr\/blog\/wp-content\/uploads\/2026\/02\/unifi-768x768.png 768w\" sizes=\"(max-width: 709px) 85vw, (max-width: 909px) 67vw, (max-width: 1362px) 62vw, 840px\" \/><\/a><\/div><a class=\"wp-block-latest-posts__post-title\" href=\"https:\/\/labovilleurbanne.fr\/blog\/2026\/02\/24\/analyse-switch-ubiquiti-us-8-150w-et-us-24-250w-2026-feb\/\">Analyse switch ubiquiti us-8-150w et US-24-250W &#8211; 2026 &#8211; FEB<\/a><time datetime=\"2026-02-24T20:18:48+02:00\" class=\"wp-block-latest-posts__post-date\">24 f\u00e9vrier 2026<\/time><div class=\"wp-block-latest-posts__post-excerpt\">J&rsquo;ai r\u00e9cup\u00e9r\u00e9 un switch Ubiquiti US-8-150W. Malheureusement, il ne fonctionne plus. et nouveau switch US-24-250W<\/div><\/li>\n<li><a class=\"wp-block-latest-posts__post-title\" href=\"https:\/\/labovilleurbanne.fr\/blog\/2025\/07\/07\/fabrication-dune-poignee-de-porte-en-impression-3d-resine\/\">Fabrication d&rsquo;une poign\u00e9e de porte en impression 3D r\u00e9sine.<\/a><time datetime=\"2025-07-07T20:44:56+02:00\" class=\"wp-block-latest-posts__post-date\">7 juillet 2025<\/time><div class=\"wp-block-latest-posts__post-excerpt\"><\/div><\/li>\n<\/ul><\/div>\n<\/div>\n<\/div><\/div>\n<\/div>\n<\/div>\n\n\n\n<div class=\"is-layout-constrained wp-block-group alignwide has-background\" style=\"background-color:#eaeaf1\"><div class=\"wp-block-group__inner-container\">\n<div style=\"height:50px\" aria-hidden=\"true\" class=\"wp-block-spacer\"><\/div>\n\n\n\n<div class=\"is-layout-constrained wp-block-group alignwide\"><div class=\"wp-block-group__inner-container\">\n<div class=\"is-layout-constrained wp-block-group alignwide\"><div class=\"wp-block-group__inner-container\">\n<div class=\"is-layout-flex wp-block-buttons\">\n<div class=\"wp-block-button has-custom-font-size\" style=\"font-size:15px;text-transform:capitalize\"><a class=\"wp-block-button__link has-background wp-element-button\" href=\"https:\/\/labovilleurbanne.fr\/dokuwiki\/start\" style=\"background-color:#0c6f88\" target=\"_blank\" rel=\"noreferrer noopener\">wiki<\/a><\/div>\n<\/div>\n\n\n\n<div style=\"height:20px\" aria-hidden=\"true\" class=\"wp-block-spacer\"><\/div>\n\n\n\n<div class=\"is-layout-flex wp-container-21 wp-block-columns\">\n<div class=\"is-layout-flow wp-block-column\" style=\"flex-basis:33.33%\">\n<p>Le Wiki est un espace d&rsquo;\u00e9dition collaborative g\u00e9r\u00e9 par les membres du LOV&nbsp;: organisation associative, tutos du mat\u00e9riel, etc.<\/p>\n<\/div>\n\n\n\n<div class=\"is-layout-flow wp-block-column\" style=\"flex-basis:66.66%\">\n<figure class=\"wp-block-image size-large\"><a href=\"https:\/\/labovilleurbanne.fr\/dokuwiki\/start\" target=\"_blank\" rel=\"noreferrer noopener\"><img decoding=\"async\" loading=\"lazy\" width=\"1024\" height=\"576\" src=\"https:\/\/labovilleurbanne.fr\/blog\/wp-content\/uploads\/2023\/06\/LOV_COM_Dokuwiki-1024x576.jpg\" alt=\"\" class=\"wp-image-1938\" srcset=\"https:\/\/labovilleurbanne.fr\/blog\/wp-content\/uploads\/2023\/06\/LOV_COM_Dokuwiki-1024x576.jpg 1024w, https:\/\/labovilleurbanne.fr\/blog\/wp-content\/uploads\/2023\/06\/LOV_COM_Dokuwiki-700x394.jpg 700w, https:\/\/labovilleurbanne.fr\/blog\/wp-content\/uploads\/2023\/06\/LOV_COM_Dokuwiki-768x432.jpg 768w, https:\/\/labovilleurbanne.fr\/blog\/wp-content\/uploads\/2023\/06\/LOV_COM_Dokuwiki-1536x864.jpg 1536w, https:\/\/labovilleurbanne.fr\/blog\/wp-content\/uploads\/2023\/06\/LOV_COM_Dokuwiki-2048x1152.jpg 2048w, https:\/\/labovilleurbanne.fr\/blog\/wp-content\/uploads\/2023\/06\/LOV_COM_Dokuwiki-1200x675.jpg 1200w\" sizes=\"(max-width: 709px) 85vw, (max-width: 909px) 67vw, (max-width: 1362px) 62vw, 840px\" \/><\/a><\/figure>\n<\/div>\n<\/div>\n<\/div><\/div>\n<\/div><\/div>\n\n\n\n<div style=\"height:50px\" aria-hidden=\"true\" class=\"wp-block-spacer\"><\/div>\n\n\n\n<div class=\"is-layout-flex wp-block-buttons\">\n<div class=\"wp-block-button has-custom-font-size\" style=\"font-size:15px\"><a class=\"wp-block-button__link has-background wp-element-button\" href=\"https:\/\/framateam.org\/labolov\/\" style=\"background-color:#0c6f88\" target=\"_blank\" rel=\"noreferrer noopener\">Framateam labolov<\/a><\/div>\n<\/div>\n\n\n\n<div style=\"height:20px\" aria-hidden=\"true\" class=\"wp-block-spacer\"><\/div>\n\n\n\n<div class=\"is-layout-flex wp-container-27 wp-block-columns\">\n<div class=\"is-layout-flow wp-block-column\" style=\"flex-basis:33.33%\">\n<p>Nous \u00e9changeons beaucoup en ligne sur Framateam.<\/p>\n\n\n\n<p>N&rsquo;h\u00e9sitez pas \u00e0 vous connecter pour nous rejoindre, m\u00eame si vous n&rsquo;\u00eates pas membre. <\/p>\n<\/div>\n\n\n\n<div class=\"is-layout-flow wp-block-column\" style=\"flex-basis:66.66%\">\n<figure class=\"wp-block-image size-large\"><a href=\"https:\/\/framateam.org\/labolov\/\"><img decoding=\"async\" loading=\"lazy\" width=\"1024\" height=\"634\" src=\"https:\/\/labovilleurbanne.fr\/blog\/wp-content\/uploads\/2023\/06\/framateam-1024x634.jpg\" alt=\"\" class=\"wp-image-1492\" srcset=\"https:\/\/labovilleurbanne.fr\/blog\/wp-content\/uploads\/2023\/06\/framateam-1024x634.jpg 1024w, https:\/\/labovilleurbanne.fr\/blog\/wp-content\/uploads\/2023\/06\/framateam-700x433.jpg 700w, https:\/\/labovilleurbanne.fr\/blog\/wp-content\/uploads\/2023\/06\/framateam-768x475.jpg 768w, https:\/\/labovilleurbanne.fr\/blog\/wp-content\/uploads\/2023\/06\/framateam-1536x951.jpg 1536w, https:\/\/labovilleurbanne.fr\/blog\/wp-content\/uploads\/2023\/06\/framateam-2048x1268.jpg 2048w, https:\/\/labovilleurbanne.fr\/blog\/wp-content\/uploads\/2023\/06\/framateam-1200x743.jpg 1200w\" sizes=\"(max-width: 709px) 85vw, (max-width: 909px) 67vw, (max-width: 1362px) 62vw, 840px\" \/><\/a><\/figure>\n<\/div>\n<\/div>\n<\/div><\/div>","protected":false},"excerpt":{"rendered":"<p>Les derni\u00e8res actualit\u00e9s du LOV. Le Wiki est un espace d&rsquo;\u00e9dition collaborative g\u00e9r\u00e9 par les membres du LOV&nbsp;: organisation associative, tutos du mat\u00e9riel, etc. Nous \u00e9changeons beaucoup en ligne sur Framateam. N&rsquo;h\u00e9sitez pas \u00e0 vous connecter pour nous rejoindre, m\u00eame si vous n&rsquo;\u00eates pas membre.<\/p>","protected":false},"author":11,"featured_media":0,"parent":0,"menu_order":0,"comment_status":"closed","ping_status":"closed","template":"","meta":[],"yoast_head":"<!-- This site is optimized with the Yoast SEO plugin v21.1 - https:\/\/yoast.com\/wordpress\/plugins\/seo\/ -->\n<title>- LABORATOIRE OUVERT VILLEURBANNAIS<\/title>\n<meta name=\"description\" content=\"Site du Laboratoire ouvert villeurbannais (LOV), un makerspace d&#039;adh\u00e9rents b\u00e9n\u00e9voles partageant des valeurs d&#039;entraide, de transmission et d&#039;action en commun. Elle dispose de nombreux outils, num\u00e9riques et plus traditionnels. L&#039;association est uniquement anim\u00e9e par ses b\u00e9n\u00e9voles et propose donc des heures de permanence d\u00e9di\u00e9es pour ceux qui veulent venir les rencontrer.\" \/>\n<meta name=\"robots\" content=\"index, follow, max-snippet:-1, max-image-preview:large, max-video-preview:-1\" \/>\n<link rel=\"canonical\" href=\"https:\/\/labovilleurbanne.fr\/blog\/\" \/>\n<meta property=\"og:locale\" content=\"fr_FR\" \/>\n<meta property=\"og:type\" content=\"article\" \/>\n<meta property=\"og:title\" content=\"- LABORATOIRE OUVERT VILLEURBANNAIS\" \/>\n<meta property=\"og:description\" content=\"Site du Laboratoire ouvert villeurbannais (LOV), un makerspace d&#039;adh\u00e9rents b\u00e9n\u00e9voles partageant des valeurs d&#039;entraide, de transmission et d&#039;action en commun. Elle dispose de nombreux outils, num\u00e9riques et plus traditionnels. L&#039;association est uniquement anim\u00e9e par ses b\u00e9n\u00e9voles et propose donc des heures de permanence d\u00e9di\u00e9es pour ceux qui veulent venir les rencontrer.\" \/>\n<meta property=\"og:url\" content=\"https:\/\/labovilleurbanne.fr\/blog\/\" \/>\n<meta property=\"og:site_name\" content=\"LABORATOIRE OUVERT VILLEURBANNAIS\" \/>\n<meta property=\"article:publisher\" content=\"https:\/\/www.facebook.com\/labolov\" \/>\n<meta property=\"article:modified_time\" content=\"2024-07-01T21:26:44+00:00\" \/>\n<meta property=\"og:image\" content=\"https:\/\/labovilleurbanne.fr\/dev_site\/statut.png\" \/>\n<meta name=\"twitter:card\" content=\"summary_large_image\" \/>\n<meta name=\"twitter:label1\" content=\"Dur\u00e9e de lecture estim\u00e9e\" \/>\n\t<meta name=\"twitter:data1\" content=\"2 minutes\" \/>\n<script type=\"application\/ld+json\" class=\"yoast-schema-graph\">{\"@context\":\"https:\/\/schema.org\",\"@graph\":[{\"@type\":\"WebPage\",\"@id\":\"https:\/\/labovilleurbanne.fr\/blog\/\",\"url\":\"https:\/\/labovilleurbanne.fr\/blog\/\",\"name\":\"- LABORATOIRE OUVERT VILLEURBANNAIS\",\"isPartOf\":{\"@id\":\"https:\/\/labovilleurbanne.fr\/blog\/#website\"},\"datePublished\":\"2023-06-05T21:22:17+00:00\",\"dateModified\":\"2024-07-01T21:26:44+00:00\",\"description\":\"Site du Laboratoire ouvert villeurbannais (LOV), un makerspace d'adh\u00e9rents b\u00e9n\u00e9voles partageant des valeurs d'entraide, de transmission et d'action en commun. Elle dispose de nombreux outils, num\u00e9riques et plus traditionnels. L'association est uniquement anim\u00e9e par ses b\u00e9n\u00e9voles et propose donc des heures de permanence d\u00e9di\u00e9es pour ceux qui veulent venir les rencontrer.\",\"inLanguage\":\"fr-FR\",\"potentialAction\":[{\"@type\":\"ReadAction\",\"target\":[\"https:\/\/labovilleurbanne.fr\/blog\/\"]}]},{\"@type\":\"WebSite\",\"@id\":\"https:\/\/labovilleurbanne.fr\/blog\/#website\",\"url\":\"https:\/\/labovilleurbanne.fr\/blog\/\",\"name\":\"LABORATOIRE OUVERT VILLEURBANNAIS\",\"description\":\"\",\"publisher\":{\"@id\":\"https:\/\/labovilleurbanne.fr\/blog\/#organization\"},\"potentialAction\":[{\"@type\":\"SearchAction\",\"target\":{\"@type\":\"EntryPoint\",\"urlTemplate\":\"https:\/\/labovilleurbanne.fr\/blog\/?s={search_term_string}\"},\"query-input\":\"required name=search_term_string\"}],\"inLanguage\":\"fr-FR\"},{\"@type\":\"Organization\",\"@id\":\"https:\/\/labovilleurbanne.fr\/blog\/#organization\",\"name\":\"LABORATOIRE OUVERT VILLEURBANNAIS\",\"url\":\"https:\/\/labovilleurbanne.fr\/blog\/\",\"logo\":{\"@type\":\"ImageObject\",\"inLanguage\":\"fr-FR\",\"@id\":\"https:\/\/labovilleurbanne.fr\/blog\/#\/schema\/logo\/image\/\",\"url\":\"https:\/\/labovilleurbanne.fr\/blog\/wp-content\/uploads\/2023\/09\/cropped-logo.png\",\"contentUrl\":\"https:\/\/labovilleurbanne.fr\/blog\/wp-content\/uploads\/2023\/09\/cropped-logo.png\",\"width\":240,\"height\":240,\"caption\":\"LABORATOIRE OUVERT VILLEURBANNAIS\"},\"image\":{\"@id\":\"https:\/\/labovilleurbanne.fr\/blog\/#\/schema\/logo\/image\/\"},\"sameAs\":[\"https:\/\/www.facebook.com\/labolov\",\"https:\/\/framateam.org\/labolov\"]}]}<\/script>\n<!-- \/ Yoast SEO plugin. -->","yoast_head_json":{"title":"- LABORATOIRE OUVERT VILLEURBANNAIS","description":"Site du Laboratoire ouvert villeurbannais (LOV), un makerspace d'adh\u00e9rents b\u00e9n\u00e9voles partageant des valeurs d'entraide, de transmission et d'action en commun. Elle dispose de nombreux outils, num\u00e9riques et plus traditionnels. L'association est uniquement anim\u00e9e par ses b\u00e9n\u00e9voles et propose donc des heures de permanence d\u00e9di\u00e9es pour ceux qui veulent venir les rencontrer.","robots":{"index":"index","follow":"follow","max-snippet":"max-snippet:-1","max-image-preview":"max-image-preview:large","max-video-preview":"max-video-preview:-1"},"canonical":"https:\/\/labovilleurbanne.fr\/blog\/","og_locale":"fr_FR","og_type":"article","og_title":"- LABORATOIRE OUVERT VILLEURBANNAIS","og_description":"Site du Laboratoire ouvert villeurbannais (LOV), un makerspace d'adh\u00e9rents b\u00e9n\u00e9voles partageant des valeurs d'entraide, de transmission et d'action en commun. Elle dispose de nombreux outils, num\u00e9riques et plus traditionnels. L'association est uniquement anim\u00e9e par ses b\u00e9n\u00e9voles et propose donc des heures de permanence d\u00e9di\u00e9es pour ceux qui veulent venir les rencontrer.","og_url":"https:\/\/labovilleurbanne.fr\/blog\/","og_site_name":"LABORATOIRE OUVERT VILLEURBANNAIS","article_publisher":"https:\/\/www.facebook.com\/labolov","article_modified_time":"2024-07-01T21:26:44+00:00","og_image":[{"url":"https:\/\/labovilleurbanne.fr\/dev_site\/statut.png"}],"twitter_card":"summary_large_image","twitter_misc":{"Dur\u00e9e de lecture estim\u00e9e":"2 minutes"},"schema":{"@context":"https:\/\/schema.org","@graph":[{"@type":"WebPage","@id":"https:\/\/labovilleurbanne.fr\/blog\/","url":"https:\/\/labovilleurbanne.fr\/blog\/","name":"- LABORATOIRE OUVERT VILLEURBANNAIS","isPartOf":{"@id":"https:\/\/labovilleurbanne.fr\/blog\/#website"},"datePublished":"2023-06-05T21:22:17+00:00","dateModified":"2024-07-01T21:26:44+00:00","description":"Site du Laboratoire ouvert villeurbannais (LOV), un makerspace d'adh\u00e9rents b\u00e9n\u00e9voles partageant des valeurs d'entraide, de transmission et d'action en commun. Elle dispose de nombreux outils, num\u00e9riques et plus traditionnels. L'association est uniquement anim\u00e9e par ses b\u00e9n\u00e9voles et propose donc des heures de permanence d\u00e9di\u00e9es pour ceux qui veulent venir les rencontrer.","inLanguage":"fr-FR","potentialAction":[{"@type":"ReadAction","target":["https:\/\/labovilleurbanne.fr\/blog\/"]}]},{"@type":"WebSite","@id":"https:\/\/labovilleurbanne.fr\/blog\/#website","url":"https:\/\/labovilleurbanne.fr\/blog\/","name":"LABORATOIRE OUVERT VILLEURBANNAIS","description":"","publisher":{"@id":"https:\/\/labovilleurbanne.fr\/blog\/#organization"},"potentialAction":[{"@type":"SearchAction","target":{"@type":"EntryPoint","urlTemplate":"https:\/\/labovilleurbanne.fr\/blog\/?s={search_term_string}"},"query-input":"required name=search_term_string"}],"inLanguage":"fr-FR"},{"@type":"Organization","@id":"https:\/\/labovilleurbanne.fr\/blog\/#organization","name":"LABORATOIRE OUVERT VILLEURBANNAIS","url":"https:\/\/labovilleurbanne.fr\/blog\/","logo":{"@type":"ImageObject","inLanguage":"fr-FR","@id":"https:\/\/labovilleurbanne.fr\/blog\/#\/schema\/logo\/image\/","url":"https:\/\/labovilleurbanne.fr\/blog\/wp-content\/uploads\/2023\/09\/cropped-logo.png","contentUrl":"https:\/\/labovilleurbanne.fr\/blog\/wp-content\/uploads\/2023\/09\/cropped-logo.png","width":240,"height":240,"caption":"LABORATOIRE OUVERT VILLEURBANNAIS"},"image":{"@id":"https:\/\/labovilleurbanne.fr\/blog\/#\/schema\/logo\/image\/"},"sameAs":["https:\/\/www.facebook.com\/labolov","https:\/\/framateam.org\/labolov"]}]}},"_links":{"self":[{"href":"https:\/\/labovilleurbanne.fr\/blog\/wp-json\/wp\/v2\/pages\/1410"}],"collection":[{"href":"https:\/\/labovilleurbanne.fr\/blog\/wp-json\/wp\/v2\/pages"}],"about":[{"href":"https:\/\/labovilleurbanne.fr\/blog\/wp-json\/wp\/v2\/types\/page"}],"author":[{"embeddable":true,"href":"https:\/\/labovilleurbanne.fr\/blog\/wp-json\/wp\/v2\/users\/11"}],"replies":[{"embeddable":true,"href":"https:\/\/labovilleurbanne.fr\/blog\/wp-json\/wp\/v2\/comments?post=1410"}],"version-history":[{"count":87,"href":"https:\/\/labovilleurbanne.fr\/blog\/wp-json\/wp\/v2\/pages\/1410\/revisions"}],"predecessor-version":[{"id":2869,"href":"https:\/\/labovilleurbanne.fr\/blog\/wp-json\/wp\/v2\/pages\/1410\/revisions\/2869"}],"wp:attachment":[{"href":"https:\/\/labovilleurbanne.fr\/blog\/wp-json\/wp\/v2\/media?parent=1410"}],"curies":[{"name":"wp","href":"https:\/\/api.w.org\/{rel}","templated":true}]}}